{"id":642,"date":"2014-12-18T21:37:23","date_gmt":"2014-12-18T21:37:23","guid":{"rendered":"http:\/\/rosarionatacion.com\/site\/?page_id=642"},"modified":"2024-02-15T18:17:56","modified_gmt":"2024-02-15T18:17:56","slug":"contactenos","status":"publish","type":"page","link":"https:\/\/rosarionatacion.com\/?page_id=642","title":{"rendered":"Contactenos"},"content":{"rendered":"<p>Direcci\u00f3n:\u00a0Zeballos 2487 P.B.<\/p>\n<p>Tel\u00e9fono: 0341-8379699<\/p>\n<p>Horarios de Atenci\u00f3n: <strong>Lunes a Viernes de 14:30hs a 19:30hs<\/strong><\/p>\n<p>Correos Electr\u00f3nicos<\/p>\n<pre><strong>Tr\u00e1mites administrativos: <span style=\"color: #000080;\">frnatacion@gmail.com\n<\/span>\u00c1rea sistemas y torneos : <span style=\"color: #000080;\">frnsistemas9@gmail.com\n<\/span>Tr\u00e1mites licencias      : <span style=\"color: #000080;\">frnlicencias@gmail.com<\/span><\/strong>\n<strong>Polo Acu\u00e1tico           : <span style=\"color: #000080;\">frnpoloacuatico@gmail.com<\/span><\/strong>\n\n<iframe loading=\"lazy\" style=\"border: 0;\" src=\"https:\/\/www.google.com\/maps\/embed?pb=!1m18!1m12!1m3!1d3347.978971212548!2d-60.65945799999999!3d-32.9515646!2m3!1f0!2f0!3f0!3m2!1i1024!2i768!4f13.1!3m3!1m2!1s0x95b7ab696d484ee9%3A0xea8386acb1b8e87b!2sE.+Zeballos+2487%2C+Rosario%2C+Santa+Fe!5e0!3m2!1ses!2sar!4v1420663007155\" width=\"950\" height=\"450\" frameborder=\"0\"><\/iframe><\/pre>\n","protected":false},"excerpt":{"rendered":"<p>Direcci\u00f3n:\u00a0Zeballos 2487 P.B. Tel\u00e9fono: 0341-8379699 Horarios de Atenci\u00f3n: Lunes a Viernes de 14:30hs a 19:30hs Correos Electr\u00f3nicos Tr\u00e1mites administrativos: frnatacion@gmail.com \u00c1rea sistemas y torneos : frnsistemas9@gmail.com Tr\u00e1mites licencias : frnlicencias@gmail.com Polo Acu\u00e1tico : frnpoloacuatico@gmail.com<\/p>\n","protected":false},"author":1,"featured_media":0,"parent":0,"menu_order":0,"comment_status":"open","ping_status":"open","template":"themerush\/page-nosidebar.php","meta":{"footnotes":""},"class_list":["post-642","page","type-page","status-publish","hentry"],"_links":{"self":[{"href":"https:\/\/rosarionatacion.com\/index.php?rest_route=\/wp\/v2\/pages\/642","targetHints":{"allow":["GET"]}}],"collection":[{"href":"https:\/\/rosarionatacion.com\/index.php?rest_route=\/wp\/v2\/pages"}],"about":[{"href":"https:\/\/rosarionatacion.com\/index.php?rest_route=\/wp\/v2\/types\/page"}],"author":[{"embeddable":true,"href":"https:\/\/rosarionatacion.com\/index.php?rest_route=\/wp\/v2\/users\/1"}],"replies":[{"embeddable":true,"href":"https:\/\/rosarionatacion.com\/index.php?rest_route=%2Fwp%2Fv2%2Fcomments&post=642"}],"version-history":[{"count":10,"href":"https:\/\/rosarionatacion.com\/index.php?rest_route=\/wp\/v2\/pages\/642\/revisions"}],"predecessor-version":[{"id":7355,"href":"https:\/\/rosarionatacion.com\/index.php?rest_route=\/wp\/v2\/pages\/642\/revisions\/7355"}],"wp:attachment":[{"href":"https:\/\/rosarionatacion.com\/index.php?rest_route=%2Fwp%2Fv2%2Fmedia&parent=642"}],"curies":[{"name":"wp","href":"https:\/\/api.w.org\/{rel}","templated":true}]}}